{"id":3233,"date":"2022-04-26T10:33:53","date_gmt":"2022-04-26T08:33:53","guid":{"rendered":"https:\/\/temp01.de-vau-ge.de\/produkte\/cereals\/"},"modified":"2024-04-30T08:17:31","modified_gmt":"2024-04-30T06:17:31","slug":"cereals","status":"publish","type":"page","link":"https:\/\/www.de-vau-ge.de\/en\/product-development\/cereals\/","title":{"rendered":"Cereals"},"content":{"rendered":"    \n    \n        \n        <div class=\"hero-banner\" id=\"3233\">\n\n                                                                        \n                                                            <div class=\"swiper small\">\n                                    <div class=\"swiper-wrapper\">\n                                                                                                                                                                                <div class=\"swiper-slide\">\n                                                    <img decoding=\"async\" src=\"https:\/\/www.de-vau-ge.de\/wp-content\/uploads\/2022\/05\/Co-Extrudate-scaled.jpg\" alt=\"Nougat Getreide Produkt als Fr\u00fchst\u00fccks Flakes in einem L\u00f6ffel liegend\" width=\"1920px\" height=\"1080px\" \/>\n                                                <\/div>\n                                                                                                                        <\/div>\n                                                                    <\/div>\n                            \n                                                                        \n\n            <div class=\"inner\">\n                <div class=\"text\">\n                                                                                                                    <\/div>\n            <\/div>\n        <\/div>\n\n    \n\n<!-- <div class=\"hero-banner\" id=\"block_168b25c477251e0aa6e0faf7df62d630\">\n\t\t\t\t\t\t\n\t\t\t\t\t\t\t\t\t<div class=\"swiper \">\n\t\t\t\t\t\t<div class=\"swiper-wrapper\">\n\t\t\t\t\t\t\t\t\t\t\t\t\t\t\t\t\t\t\t\t\t\t\t\t\t\t\t\t\t\t\t\t<div class=\"swiper-slide\">\n\t\t\t\t\t\t\t\t\t\t<img decoding=\"async\" src=\"https:\/\/www.de-vau-ge.de\/wp-content\/uploads\/2022\/05\/Co-Extrudate-scaled.jpg\" alt=\"Nougat Getreide Produkt als Fr\u00fchst\u00fccks Flakes in einem L\u00f6ffel liegend\" width=\"1920px\" height=\"1080px\" \/>\n\t\t\t\t\t\t\t\t\t<\/div>\n\t\t\t\t\t\t\t\t\t\t\t\t\t\t\t\t\t\t\t\t\t<\/div>\n\t\t\t\t\t\t\t\t\t\t\t<\/div>\n\t\t\t\t\n\t\t\t\t\t\t\n\t<div class=\"inner\">\n\t\t<div class=\"text\">\n\t\t\t\t\t\t\t        \t\t<\/div>\n\t<\/div>\n<\/div> -->\n\n<div class=\"space-small\">\n    <\/div>\n\n\n\n<div class=\"wp-block-group\"><div class=\"wp-block-group__inner-container\">\n<h1 class=\"wp-block-heading\">Cereals<\/h1>\n<\/div><\/div>\n\n\n<div class=\"space-small\">\n    <\/div>\n\n\n\n<div class=\"wp-block-group\"><div class=\"wp-block-group__inner-container\">\n<p>Our range of cereals is particularly diverse. We offer products in a wide variety of shapes and flavors. From 100% whole grain to completely without whole grain and with a wide range of sugar contents, very different &#8211; always delicious &#8211; breakfast products were created. There is something for every taste.<br>We manufacture the following product groups on numerous different production facilities:<\/p>\n<\/div><\/div>\n\n\n<div class=\"space-medium\">\n    <\/div>\n\n\n\n<div class=\"wp-block-group\"><div class=\"wp-block-group__inner-container\">\n<h5 class=\"wp-block-heading\">Cereals<\/h5>\n\n\n\n<h2 class=\"wp-block-heading\">An overview of our products<\/h2>\n<\/div><\/div>\n\n\n<div class=\"space-medium\">\n    <\/div>\n\n\n    <div class=\"banner-list\" id=\"block_a387e8e55d29eebc1f904495c000e47c\">\n        <div class=\"inner resetInner\">\n                                            <div class=\"item gridrow\">\n                                            <div class=\"image\">\n                            <img decoding=\"async\" src=\"https:\/\/www.de-vau-ge.de\/wp-content\/uploads\/2022\/05\/Flakes.jpg\" alt=\"Cerealien, Produkt, Flakes\" width=\"904px\" height=\"736px\" \/>\n                        <\/div>\n                                        <div class=\"text\">\n                                                    <h3>Flakes<\/h3>\n                                                                                                    <div class=\"content\"><h5>Cornflakes<\/h5>\n<p>We use the traditional cooking method for our cornflakes: small pieces of corn are first boiled, then rolled and then toasted. This means there are no air pockets, which give the flakes their typical light, crispy texture. At the end, the flakes can be deliciously coated with sugar and other ingredients.<\/p>\n<h5>rice crispies<\/h5>\n<p>We also use the same process to make rice crispies, with the only difference being that the cooked rice grains are only very lightly rolled before toasting and are not flattened as for flakes.<\/p>\n<h5>Multigrain and Branflakes<\/h5>\n<p>For the healthy multigrain and bran flakes, several types of grain are cooked at the same time and then shaped. As with cornflakes, they are then rolled and toasted. These flakes often have a very high fiber content and get by with little sugar.<\/p>\n<\/div>\n                                                                    <\/div>\n                <\/div>\n                                            <div class=\"item gridrow\">\n                                            <div class=\"image\">\n                            <img decoding=\"async\" src=\"https:\/\/www.de-vau-ge.de\/wp-content\/uploads\/2022\/05\/Extrudate-scaled.jpg\" alt=\"Getreide Produkte als Fr\u00fchst\u00fcck Cerrealien verarbeitet\" width=\"904px\" height=\"736px\" \/>\n                        <\/div>\n                                        <div class=\"text\">\n                                                    <h3>Extrudates<\/h3>\n                                                                                                    <div class=\"content\"><p>A mixture based on flour, sugar and water is first compressed under heat with the help of extruders and then expanded into differently shaped blanks by exiting the pressure chamber. This is how light, airy cereal products with even shapes are created. The subsequent coatings, e.g. with sugar and cocoa, are also variable. Our wide range of extrudates includes e.g. cinnamon chips, chocolate chips, honey rings and many more.<\/p>\n<\/div>\n                                                                    <\/div>\n                <\/div>\n                                            <div class=\"item gridrow\">\n                                            <div class=\"image\">\n                            <img decoding=\"async\" src=\"https:\/\/www.de-vau-ge.de\/wp-content\/uploads\/2022\/05\/Co-Extrudate-scaled.jpg\" alt=\"Nougat Getreide Produkt als Fr\u00fchst\u00fccks Flakes in einem L\u00f6ffel liegend\" width=\"904px\" height=\"736px\" \/>\n                        <\/div>\n                                        <div class=\"text\">\n                                                    <h3>Co-Extrudates<\/h3>\n                                                                                                    <div class=\"content\"><p>Here an extruded grain shell is filled with a soft cream. Pillows are then punched out of it. For example, this is how our successful product Nougat Bits is created. We make pillows with different covers and cream fillings.<\/p>\n<\/div>\n                                                                    <\/div>\n                <\/div>\n                                            <div class=\"item gridrow\">\n                                            <div class=\"image\">\n                            <img decoding=\"async\" src=\"https:\/\/www.de-vau-ge.de\/wp-content\/uploads\/2022\/05\/gepufftes-Getreide-scaled.jpg\" alt=\"gepufftes Getreide \" width=\"904px\" height=\"736px\" \/>\n                        <\/div>\n                                        <div class=\"text\">\n                                                    <h3>Puffed Grain<\/h3>\n                                                                                                    <div class=\"content\"><p>Wheat grains are exposed to high pressure and high temperatures in so-called puff guns. When they are then shot out, the grains of wheat expand into the desired light and airy pops due to the sudden loss of pressure. After subsequent drying, the coating with a sugar-honey solution leads to the end product, the popular wheat pops.<\/p>\n<\/div>\n                                                                    <\/div>\n                <\/div>\n                                            <div class=\"item gridrow\">\n                                            <div class=\"image\">\n                            <img decoding=\"async\" src=\"https:\/\/www.de-vau-ge.de\/wp-content\/uploads\/2022\/05\/Bilder-Harrisons-3.jpg\" alt=\"Fr\u00fcchte M\u00fcsli mit gesunden Cerealien \" width=\"904px\" height=\"736px\" \/>\n                        <\/div>\n                                        <div class=\"text\">\n                                                    <h3>Muesli<\/h3>\n                                                                                                    <div class=\"content\"><p>Mueslis are created by mixing cereal flakes, nuts, oilseeds, dried fruit, freeze-dried fruit or chocolate and then filling them. There are hardly any limits to the variety of possible recipes. State-of-the-art filling systems ensure that every pack contains the same amount of valuable ingredients.<\/p>\n<\/div>\n                                                                    <\/div>\n                <\/div>\n                                            <div class=\"item gridrow\">\n                                            <div class=\"image\">\n                            <img decoding=\"async\" src=\"https:\/\/www.de-vau-ge.de\/wp-content\/uploads\/2022\/05\/Bilder-Harrisons-1.jpg\" alt=\"Knusper M\u00fcsli mit Fr\u00fcchten in einem L\u00f6ffel dargestellt\" width=\"904px\" height=\"736px\" \/>\n                        <\/div>\n                                        <div class=\"text\">\n                                                    <h3>Crispy\/ Crunchy Muesli<\/h3>\n                                                                                                    <div class=\"content\"><p>For the crunchy muesli, we knead a dough from cereal flakes, sugar, some vegetable oil and other ingredients depending on the recipe. The dough is sprinkled onto an oven belt and baked. This is how the typical crunchy pieces are created, which we either fill up immediately or mix with other ingredients such as fruit, nuts or chocolate beforehand.<\/p>\n<\/div>\n                                                                    <\/div>\n                <\/div>\n                                            <div class=\"item gridrow\">\n                                            <div class=\"image\">\n                            <img decoding=\"async\" src=\"https:\/\/www.de-vau-ge.de\/wp-content\/uploads\/2022\/05\/AdobeStock_65329122-scaled-e1652951599610.jpeg\" alt=\"Porridge in einer Sch\u00fcssel zum Fr\u00fchst\u00fcck dargestellt\" width=\"904px\" height=\"736px\" \/>\n                        <\/div>\n                                        <div class=\"text\">\n                                                    <h3>Porridge<\/h3>\n                                                                                                    <div class=\"content\"><p>Like muesli, our porridges consist of cereal flakes and other delicious ingredients such as fruit, nuts or seeds, only everything is a little finer. Adding e.g. warm oat drink quickly creates a delicious breakfast porridge.<\/p>\n<\/div>\n                                                                    <\/div>\n                <\/div>\n                                            <div class=\"item gridrow\">\n                                            <div class=\"image\">\n                            <img decoding=\"async\" src=\"https:\/\/www.de-vau-ge.de\/wp-content\/uploads\/2022\/05\/Shredded-Wheat-scaled.jpg\" alt=\"Getreide Cerealien mit L\u00f6ffel \" width=\"904px\" height=\"736px\" \/>\n                        <\/div>\n                                        <div class=\"text\">\n                                                    <h3>Wheat-Thread-Pillow<\/h3>\n                                                                                                    <div class=\"content\"><p>For these special cereals, pieces of grain are boiled and then &#8220;plucked&#8221; into thin threads with the help of special rough rollers. These grain threads are then laid on top of each other in several layers. Pillows are punched out of this carpet. The last step is drying.<\/p>\n<p>The pillows can be filled with small chocolate pieces, for example, or finished with a sugar topping. Depending on the number of grain layers, different products are created.<\/p>\n<\/div>\n                                                                    <\/div>\n                <\/div>\n                    <\/div>\n    <\/div>\n\n\n<div class=\"space-extralarge\">\n    <\/div>\n","protected":false},"excerpt":{"rendered":"Cereals Our range of cereals is particularly diverse. We offer products in a wide variety of shapes and flavors. From 100% whole grain to completely without whole grain and with a wide range of sugar contents, very different &#8211; always delicious &#8211; breakfast products were created. There is something for every taste.We manufacture the following&#8230; <a class=\"view-article\" href=\"https:\/\/www.de-vau-ge.de\/en\/product-development\/cereals\/\">View Article<\/a>","protected":false},"author":7,"featured_media":0,"parent":1215,"menu_order":0,"comment_status":"closed","ping_status":"closed","template":"","meta":{"_acf_changed":false,"inline_featured_image":false,"footnotes":""},"class_list":["post-3233","page","type-page","status-publish","hentry"],"acf":[],"yoast_head":"<!-- This site is optimized with the Yoast SEO plugin v27.4 - https:\/\/yoast.com\/product\/yoast-seo-wordpress\/ -->\n<title>Our cereal products at a glance - DE-VAU-GE<\/title>\n<meta name=\"description\" content=\"We offer a variety of breakfast products in a variety of shapes and flavors. Find out now about the production processes\u2757\" \/>\n<meta name=\"robots\" content=\"index, follow, max-snippet:-1, max-image-preview:large, max-video-preview:-1\" \/>\n<link rel=\"canonical\" href=\"https:\/\/www.de-vau-ge.de\/en\/product-development\/cereals\/\" \/>\n<meta property=\"og:locale\" content=\"en_US\" \/>\n<meta property=\"og:type\" content=\"article\" \/>\n<meta property=\"og:title\" content=\"Our cereal products at a glance - DE-VAU-GE\" \/>\n<meta property=\"og:description\" content=\"We offer a variety of breakfast products in a variety of shapes and flavors. Find out now about the production processes\u2757\" \/>\n<meta property=\"og:url\" content=\"https:\/\/www.de-vau-ge.de\/en\/product-development\/cereals\/\" \/>\n<meta property=\"og:site_name\" content=\"DE-VAU-GE\" \/>\n<meta property=\"article:modified_time\" content=\"2024-04-30T06:17:31+00:00\" \/>\n<script type=\"application\/ld+json\" class=\"yoast-schema-graph\">{\"@context\":\"https:\\\/\\\/schema.org\",\"@graph\":[{\"@type\":\"WebPage\",\"@id\":\"https:\\\/\\\/www.de-vau-ge.de\\\/en\\\/product-development\\\/cereals\\\/\",\"url\":\"https:\\\/\\\/www.de-vau-ge.de\\\/en\\\/product-development\\\/cereals\\\/\",\"name\":\"Our cereal products at a glance - DE-VAU-GE\",\"isPartOf\":{\"@id\":\"https:\\\/\\\/www.de-vau-ge.de\\\/en\\\/#website\"},\"datePublished\":\"2022-04-26T08:33:53+00:00\",\"dateModified\":\"2024-04-30T06:17:31+00:00\",\"description\":\"We offer a variety of breakfast products in a variety of shapes and flavors. Find out now about the production processes\u2757\",\"breadcrumb\":{\"@id\":\"https:\\\/\\\/www.de-vau-ge.de\\\/en\\\/product-development\\\/cereals\\\/#breadcrumb\"},\"inLanguage\":\"en-US\",\"potentialAction\":[{\"@type\":\"ReadAction\",\"target\":[\"https:\\\/\\\/www.de-vau-ge.de\\\/en\\\/product-development\\\/cereals\\\/\"]}]},{\"@type\":\"BreadcrumbList\",\"@id\":\"https:\\\/\\\/www.de-vau-ge.de\\\/en\\\/product-development\\\/cereals\\\/#breadcrumb\",\"itemListElement\":[{\"@type\":\"ListItem\",\"position\":1,\"name\":\"Home\",\"item\":\"https:\\\/\\\/www.de-vau-ge.de\\\/en\\\/\"},{\"@type\":\"ListItem\",\"position\":2,\"name\":\"Product Development\",\"item\":\"https:\\\/\\\/www.de-vau-ge.de\\\/en\\\/product-development\\\/\"},{\"@type\":\"ListItem\",\"position\":3,\"name\":\"Cereals\"}]},{\"@type\":\"WebSite\",\"@id\":\"https:\\\/\\\/www.de-vau-ge.de\\\/en\\\/#website\",\"url\":\"https:\\\/\\\/www.de-vau-ge.de\\\/en\\\/\",\"name\":\"DE-VAU-GE\",\"description\":\"Gesundkostwerk Deutschland GmbH\",\"publisher\":{\"@id\":\"https:\\\/\\\/www.de-vau-ge.de\\\/en\\\/#organization\"},\"potentialAction\":[{\"@type\":\"SearchAction\",\"target\":{\"@type\":\"EntryPoint\",\"urlTemplate\":\"https:\\\/\\\/www.de-vau-ge.de\\\/en\\\/?s={search_term_string}\"},\"query-input\":{\"@type\":\"PropertyValueSpecification\",\"valueRequired\":true,\"valueName\":\"search_term_string\"}}],\"inLanguage\":\"en-US\"},{\"@type\":\"Organization\",\"@id\":\"https:\\\/\\\/www.de-vau-ge.de\\\/en\\\/#organization\",\"name\":\"DE-VAU-GE\",\"url\":\"https:\\\/\\\/www.de-vau-ge.de\\\/en\\\/\",\"logo\":{\"@type\":\"ImageObject\",\"inLanguage\":\"en-US\",\"@id\":\"https:\\\/\\\/www.de-vau-ge.de\\\/en\\\/#\\\/schema\\\/logo\\\/image\\\/\",\"url\":\"https:\\\/\\\/www.de-vau-ge.de\\\/wp-content\\\/uploads\\\/2022\\\/05\\\/logo.svg\",\"contentUrl\":\"https:\\\/\\\/www.de-vau-ge.de\\\/wp-content\\\/uploads\\\/2022\\\/05\\\/logo.svg\",\"caption\":\"DE-VAU-GE\"},\"image\":{\"@id\":\"https:\\\/\\\/www.de-vau-ge.de\\\/en\\\/#\\\/schema\\\/logo\\\/image\\\/\"}}]}<\/script>\n<!-- \/ Yoast SEO plugin. -->","yoast_head_json":{"title":"Our cereal products at a glance - DE-VAU-GE","description":"We offer a variety of breakfast products in a variety of shapes and flavors. Find out now about the production processes\u2757","robots":{"index":"index","follow":"follow","max-snippet":"max-snippet:-1","max-image-preview":"max-image-preview:large","max-video-preview":"max-video-preview:-1"},"canonical":"https:\/\/www.de-vau-ge.de\/en\/product-development\/cereals\/","og_locale":"en_US","og_type":"article","og_title":"Our cereal products at a glance - DE-VAU-GE","og_description":"We offer a variety of breakfast products in a variety of shapes and flavors. Find out now about the production processes\u2757","og_url":"https:\/\/www.de-vau-ge.de\/en\/product-development\/cereals\/","og_site_name":"DE-VAU-GE","article_modified_time":"2024-04-30T06:17:31+00:00","schema":{"@context":"https:\/\/schema.org","@graph":[{"@type":"WebPage","@id":"https:\/\/www.de-vau-ge.de\/en\/product-development\/cereals\/","url":"https:\/\/www.de-vau-ge.de\/en\/product-development\/cereals\/","name":"Our cereal products at a glance - DE-VAU-GE","isPartOf":{"@id":"https:\/\/www.de-vau-ge.de\/en\/#website"},"datePublished":"2022-04-26T08:33:53+00:00","dateModified":"2024-04-30T06:17:31+00:00","description":"We offer a variety of breakfast products in a variety of shapes and flavors. Find out now about the production processes\u2757","breadcrumb":{"@id":"https:\/\/www.de-vau-ge.de\/en\/product-development\/cereals\/#breadcrumb"},"inLanguage":"en-US","potentialAction":[{"@type":"ReadAction","target":["https:\/\/www.de-vau-ge.de\/en\/product-development\/cereals\/"]}]},{"@type":"BreadcrumbList","@id":"https:\/\/www.de-vau-ge.de\/en\/product-development\/cereals\/#breadcrumb","itemListElement":[{"@type":"ListItem","position":1,"name":"Home","item":"https:\/\/www.de-vau-ge.de\/en\/"},{"@type":"ListItem","position":2,"name":"Product Development","item":"https:\/\/www.de-vau-ge.de\/en\/product-development\/"},{"@type":"ListItem","position":3,"name":"Cereals"}]},{"@type":"WebSite","@id":"https:\/\/www.de-vau-ge.de\/en\/#website","url":"https:\/\/www.de-vau-ge.de\/en\/","name":"DE-VAU-GE","description":"Gesundkostwerk Deutschland GmbH","publisher":{"@id":"https:\/\/www.de-vau-ge.de\/en\/#organization"},"potentialAction":[{"@type":"SearchAction","target":{"@type":"EntryPoint","urlTemplate":"https:\/\/www.de-vau-ge.de\/en\/?s={search_term_string}"},"query-input":{"@type":"PropertyValueSpecification","valueRequired":true,"valueName":"search_term_string"}}],"inLanguage":"en-US"},{"@type":"Organization","@id":"https:\/\/www.de-vau-ge.de\/en\/#organization","name":"DE-VAU-GE","url":"https:\/\/www.de-vau-ge.de\/en\/","logo":{"@type":"ImageObject","inLanguage":"en-US","@id":"https:\/\/www.de-vau-ge.de\/en\/#\/schema\/logo\/image\/","url":"https:\/\/www.de-vau-ge.de\/wp-content\/uploads\/2022\/05\/logo.svg","contentUrl":"https:\/\/www.de-vau-ge.de\/wp-content\/uploads\/2022\/05\/logo.svg","caption":"DE-VAU-GE"},"image":{"@id":"https:\/\/www.de-vau-ge.de\/en\/#\/schema\/logo\/image\/"}}]}},"_links":{"self":[{"href":"https:\/\/www.de-vau-ge.de\/en\/wp-json\/wp\/v2\/pages\/3233","targetHints":{"allow":["GET"]}}],"collection":[{"href":"https:\/\/www.de-vau-ge.de\/en\/wp-json\/wp\/v2\/pages"}],"about":[{"href":"https:\/\/www.de-vau-ge.de\/en\/wp-json\/wp\/v2\/types\/page"}],"author":[{"embeddable":true,"href":"https:\/\/www.de-vau-ge.de\/en\/wp-json\/wp\/v2\/users\/7"}],"replies":[{"embeddable":true,"href":"https:\/\/www.de-vau-ge.de\/en\/wp-json\/wp\/v2\/comments?post=3233"}],"version-history":[{"count":7,"href":"https:\/\/www.de-vau-ge.de\/en\/wp-json\/wp\/v2\/pages\/3233\/revisions"}],"predecessor-version":[{"id":7322,"href":"https:\/\/www.de-vau-ge.de\/en\/wp-json\/wp\/v2\/pages\/3233\/revisions\/7322"}],"up":[{"embeddable":true,"href":"https:\/\/www.de-vau-ge.de\/en\/wp-json\/wp\/v2\/pages\/1215"}],"wp:attachment":[{"href":"https:\/\/www.de-vau-ge.de\/en\/wp-json\/wp\/v2\/media?parent=3233"}],"curies":[{"name":"wp","href":"https:\/\/api.w.org\/{rel}","templated":true}]}}