{"id":1204,"date":"2022-04-26T10:35:27","date_gmt":"2022-04-26T08:35:27","guid":{"rendered":"https:\/\/temp01.de-vau-ge.de\/sustainability\/"},"modified":"2026-01-27T10:16:06","modified_gmt":"2026-01-27T09:16:06","slug":"sustainability","status":"publish","type":"page","link":"https:\/\/www.de-vau-ge.de\/en\/sustainability\/","title":{"rendered":"Sustainability"},"content":{"rendered":"    \n    \n        \n        <div class=\"hero-banner\" id=\"1204\">\n\n                                                                        \n                                                            <div class=\"swiper small\">\n                                    <div class=\"swiper-wrapper\">\n                                                                                                                                                                                <div class=\"swiper-slide\">\n                                                    <img decoding=\"async\" src=\"https:\/\/www.de-vau-ge.de\/wp-content\/uploads\/2022\/05\/AdobeStock_360416837-scaled.jpeg\" alt=\"Feld, Ressourcen, Nachhaltig\" width=\"1920px\" height=\"1080px\" \/>\n                                                <\/div>\n                                                                                                                        <\/div>\n                                                                    <\/div>\n                            \n                                                                        \n\n            <div class=\"inner\">\n                <div class=\"text\">\n                                                                <h1>Sustainability<\/h1>\n                                                                                                <\/div>\n            <\/div>\n        <\/div>\n\n    \n\n<!-- <div class=\"hero-banner\" id=\"block_a129e4d6595ae1c8d8474482303a2f22\">\n\t\t\t\t\t\t\n\t\t\t\t\t\t\t\t\t<div class=\"swiper \">\n\t\t\t\t\t\t<div class=\"swiper-wrapper\">\n\t\t\t\t\t\t\t\t\t\t\t\t\t\t\t\t\t\t\t\t\t\t\t\t\t\t\t\t\t\t\t\t<div class=\"swiper-slide\">\n\t\t\t\t\t\t\t\t\t\t<img decoding=\"async\" src=\"https:\/\/www.de-vau-ge.de\/wp-content\/uploads\/2022\/05\/AdobeStock_360416837-scaled.jpeg\" alt=\"Feld, Ressourcen, Nachhaltig\" width=\"1920px\" height=\"1080px\" \/>\n\t\t\t\t\t\t\t\t\t<\/div>\n\t\t\t\t\t\t\t\t\t\t\t\t\t\t\t\t\t\t\t\t\t<\/div>\n\t\t\t\t\t\t\t\t\t\t\t<\/div>\n\t\t\t\t\n\t\t\t\t\t\t\n\t<div class=\"inner\">\n\t\t<div class=\"text\">\n\t\t\t\t\t\t\t        \t\t<\/div>\n\t<\/div>\n<\/div> -->\n\n<div class=\"space-large\">\n    <\/div>\n\n\n<div class=\"image-text\" id=\"block_cca96bfde24b458ae67327e86c76e521\">\n\t<div class=\"inner resetInner\">\n\t\t<div class=\"gridrow box50 type2 align-center normalCol\">\n\t\t\t<div class=\"col col1\">\n\t\t\t\t\t\t\t\t\t<div class=\"wp-block-image\">\n\t\t\t\t    \t<img decoding=\"async\" src=\"https:\/\/www.de-vau-ge.de\/wp-content\/uploads\/2022\/05\/nachhaltige-Ressourcen-rotated-e1652948062830.jpg\" alt=\"Partnerschaft, nachhaltige Ressourcen, Feld\" width=\"788px\" height=\"auto\" \/>\n\t\t\t\t    <\/div>\n\t\t\t\t\t\t\t<\/div>\n\t\t\t<div class=\"col col2\">\n\t\t\t\t\t\t\t\t\t<h2>We take Responsibility.<\/h2>\n\t\t\t\t\t\t\t\t\t\t\t\t\t\t\t\t\t<p>As a responsible company, we stand firmly to our ethical and social obligations towards people and the environment. We are therefore actively committed to implementing the Supply Chain Due Diligence Act and are committed to respecting and protecting human rights in our supply chains.<\/p>\n<p>Our ambition is to make our supply chains more environmentally friendly and to support sustainable business models. We are actively committed to environmental protection in order to continuously reduce negative impacts.<\/p>\n<p>In the firm awareness of being part of a future-oriented world, we treat the resources of our planet with respect. The general switch to renewable energies and research into 100% recyclable packaging are the way to protect resources competitively through innovations and forward-looking technologies. We have already initiated a number of measures to meet this responsibility.<\/p>\n\t\t\t\t\t\t        \t\t            <p class=\"button-grp\">\n                            <a class=\"button secondary\" href=\"https:\/\/www.de-vau-ge.de\/wp-content\/uploads\/2026\/01\/Code-of-Conduct-Homepage-english-Vers.-04-20260127.pdf\" target=\"_self\">\n        <span>Code of Conduct<\/span>\n    <\/a>\n\t                    \t\t            <\/p>\n\t\t        \t\t\t<\/div>\n\t\t<\/div>\n\t<\/div>\n<\/div>\n\n<div class=\"space-large\">\n    <\/div>\n\n\n<div class=\"cta-banner\" id=\"block_9fad71a30de17b1c641e7ae5f22f9619\">\n\t<div class=\"inner resetInner\">\n        <div class=\"smaller\">\n            <div class=\"text\">\n                                    <h3>The route is the aim.<\/h3>\n                                                    <h5>Sustainability through Continuous Optimization<\/h5>\n                    <div class=\"space-extrasmall\"><\/div>\n                                                    <p>Daher planen wir langfristig und kontrollieren uns st\u00e4ndig selbst. Nur so lernen wir, wie auch in Zukunft nachhaltiges Handeln wirtschaftlich gestaltet werden kann. Durch das Einf\u00fchren von neuen Technologien schaffen wir eine Basis, die \u00fcber das Hier und Jetzt hinausreicht. Mit fortschreitender Digitalisierung k\u00f6nnen wir nicht nur Arbeitsprozesse effizienter gestalten, sondern sind auch in der Lage unser eigenes Handeln jederzeit zu \u00fcberpr\u00fcfen. So k\u00f6nnen Einsparungs- und Optimierungspotenziale besser identifiziert und wirkungsvoller umgesetzt werden.<\/p>\n                                            <\/div>\n        <\/div>\n\t<\/div>\n<\/div>\n\n<div class=\"space-large\">\n    <\/div>\n\n\n<div class=\"image-text\" id=\"block_7d33e4c4050278e84cc955e0f33d6225\">\n\t<div class=\"inner resetInner\">\n\t\t<div class=\"gridrow box50 type2 align-center normalCol\">\n\t\t\t<div class=\"col col1\">\n\t\t\t\t\t\t\t\t\t<div class=\"wp-block-image\">\n\t\t\t\t    \t<img decoding=\"async\" src=\"https:\/\/www.de-vau-ge.de\/wp-content\/uploads\/2022\/05\/2Win-Cargo.jpg\" alt=\"Lieferanten, nachhaltige Partnerschaft, Ressourcen\" width=\"788px\" height=\"auto\" \/>\n\t\t\t\t    <\/div>\n\t\t\t\t\t\t\t<\/div>\n\t\t\t<div class=\"col col2\">\n\t\t\t\t\t\t\t\t\t<h2>Together we are better.<\/h2>\n\t\t\t\t\t\t\t\t\t\t\t\t\t\t\t\t\t<p>For this reason, we ask our employees, customers and suppliers to act more sustainably. But for us, demanding without promoting is the wrong approach. That&#8217;s why we&#8217;re taking the first step and showing, with the necessary empathy, how we can succeed together in improving living conditions for everyone.<\/p>\n\t\t\t\t\t\t        \t\t\t<\/div>\n\t\t<\/div>\n\t<\/div>\n<\/div>\n\n<div class=\"space-large\">\n    <\/div>\n\n\n<div class=\"cta-banner\" id=\"block_9b1e51e9e1f94cd086fbefef8b33f598\">\n\t<div class=\"inner resetInner\">\n        <div class=\"smaller\">\n            <div class=\"text\">\n                                    <h3>Our path to greater sustainability<\/h3>\n                                                                    <p>We have recognised our responsibility as a company and have already embedded our ecological responsibility as a principle \/ fundamental policy within the company. We are convinced that we can make a positive contribution to our society and our environment with our sustainability efforts. \r\nFor this reason, we would like to share our endeavours and achievements towards greater sustainability with you and keep you up to date on our progress in the future.\r\n<\/p>\n                                                    <p class=\"button-grp\">\n                                                        <a class=\"button white\" href=\"https:\/\/www.de-vau-ge.de\/wp-content\/uploads\/2024\/03\/Sustainability-Report_26_03_24.pdf\" target=\"_self\">\n        <span>Sustainability Report<\/span>\n    <\/a>\n                                                                    <\/p>\n                            <\/div>\n        <\/div>\n\t<\/div>\n<\/div>\n\n<div class=\"space-large\">\n    <\/div>\n\n\n\n<div class=\"wp-block-group\"><div class=\"wp-block-group__inner-container\">\n<div class=\"wp-block-group\"><div class=\"wp-block-group__inner-container\">\n<h2 class=\"wp-block-heading\">More about Sustainability<\/h2>\n<\/div><\/div>\n<\/div><\/div>\n\n\n<div class=\"space-small\">\n    <\/div>\n\n\n\n            <div class=\"kacheln three\" id=\"block_8a6ffd72dde536954de984f975620b83\">\n            <div class=\"inner\">\n                                    <div class=\"gridrow box33\">\n                                                                                                <div class=\"col post_teaser_image\" style=\"background-image: url(https:\/\/www.de-vau-ge.de\/wp-content\/uploads\/2022\/05\/Bildschirmfoto-2022-05-25-um-10.48.05.png);\">\n        <a class=\"image-link\" href=\"https:\/\/www.de-vau-ge.de\/en\/sustainability\/energy-management\/\" target=\"_self\"><\/a>\n        <a class=\"button\" href=\"https:\/\/www.de-vau-ge.de\/en\/sustainability\/energy-management\/\" target=\"_self\">\n            <span>Energy Management<\/span>\n        <\/a>\n    <\/div>\n\n\n                                                                                                                            <div class=\"col post_teaser_image\" style=\"background-image: url(https:\/\/www.de-vau-ge.de\/wp-content\/uploads\/2022\/05\/AdobeStock_275718466-scaled-e1652956370739.jpeg);\">\n        <a class=\"image-link\" href=\"https:\/\/www.de-vau-ge.de\/en\/sustainability\/resources\/\" target=\"_self\"><\/a>\n        <a class=\"button\" href=\"https:\/\/www.de-vau-ge.de\/en\/sustainability\/resources\/\" target=\"_self\">\n            <span>Resources<\/span>\n        <\/a>\n    <\/div>\n\n\n                                                                                                                            <div class=\"col post_teaser_image\" style=\"background-image: url(https:\/\/www.de-vau-ge.de\/wp-content\/uploads\/2022\/05\/Traypacker-Bediener-scaled.jpg);\">\n        <a class=\"image-link\" href=\"https:\/\/www.de-vau-ge.de\/en\/sustainability\/digitalization\/\" target=\"_self\"><\/a>\n        <a class=\"button\" href=\"https:\/\/www.de-vau-ge.de\/en\/sustainability\/digitalization\/\" target=\"_self\">\n            <span>Digitalization<\/span>\n        <\/a>\n    <\/div>\n\n\n                                                                                <\/div>\n            <\/div>\n        <\/div>\n    \n\n<div class=\"space-extralarge\">\n    <\/div>\n","protected":false},"excerpt":{"rendered":"More about Sustainability","protected":false},"author":7,"featured_media":0,"parent":0,"menu_order":0,"comment_status":"closed","ping_status":"closed","template":"","meta":{"_acf_changed":false,"inline_featured_image":false,"footnotes":""},"class_list":["post-1204","page","type-page","status-publish","hentry"],"acf":[],"yoast_head":"<!-- This site is optimized with the Yoast SEO plugin v27.4 - https:\/\/yoast.com\/product\/yoast-seo-wordpress\/ -->\n<title>Sustainability - DE-VAU-GE<\/title>\n<meta name=\"robots\" content=\"index, follow, max-snippet:-1, max-image-preview:large, max-video-preview:-1\" \/>\n<link rel=\"canonical\" href=\"https:\/\/www.de-vau-ge.de\/en\/sustainability\/\" \/>\n<meta property=\"og:locale\" content=\"en_US\" \/>\n<meta property=\"og:type\" content=\"article\" \/>\n<meta property=\"og:title\" content=\"Sustainability - DE-VAU-GE\" \/>\n<meta property=\"og:description\" content=\"More about Sustainability\" \/>\n<meta property=\"og:url\" content=\"https:\/\/www.de-vau-ge.de\/en\/sustainability\/\" \/>\n<meta property=\"og:site_name\" content=\"DE-VAU-GE\" \/>\n<meta property=\"article:modified_time\" content=\"2026-01-27T09:16:06+00:00\" \/>\n<script type=\"application\/ld+json\" class=\"yoast-schema-graph\">{\"@context\":\"https:\\\/\\\/schema.org\",\"@graph\":[{\"@type\":\"WebPage\",\"@id\":\"https:\\\/\\\/www.de-vau-ge.de\\\/en\\\/sustainability\\\/\",\"url\":\"https:\\\/\\\/www.de-vau-ge.de\\\/en\\\/sustainability\\\/\",\"name\":\"Sustainability - DE-VAU-GE\",\"isPartOf\":{\"@id\":\"https:\\\/\\\/www.de-vau-ge.de\\\/en\\\/#website\"},\"datePublished\":\"2022-04-26T08:35:27+00:00\",\"dateModified\":\"2026-01-27T09:16:06+00:00\",\"breadcrumb\":{\"@id\":\"https:\\\/\\\/www.de-vau-ge.de\\\/en\\\/sustainability\\\/#breadcrumb\"},\"inLanguage\":\"en-US\",\"potentialAction\":[{\"@type\":\"ReadAction\",\"target\":[\"https:\\\/\\\/www.de-vau-ge.de\\\/en\\\/sustainability\\\/\"]}]},{\"@type\":\"BreadcrumbList\",\"@id\":\"https:\\\/\\\/www.de-vau-ge.de\\\/en\\\/sustainability\\\/#breadcrumb\",\"itemListElement\":[{\"@type\":\"ListItem\",\"position\":1,\"name\":\"Home\",\"item\":\"https:\\\/\\\/www.de-vau-ge.de\\\/en\\\/\"},{\"@type\":\"ListItem\",\"position\":2,\"name\":\"Sustainability\"}]},{\"@type\":\"WebSite\",\"@id\":\"https:\\\/\\\/www.de-vau-ge.de\\\/en\\\/#website\",\"url\":\"https:\\\/\\\/www.de-vau-ge.de\\\/en\\\/\",\"name\":\"DE-VAU-GE\",\"description\":\"Gesundkostwerk Deutschland GmbH\",\"publisher\":{\"@id\":\"https:\\\/\\\/www.de-vau-ge.de\\\/en\\\/#organization\"},\"potentialAction\":[{\"@type\":\"SearchAction\",\"target\":{\"@type\":\"EntryPoint\",\"urlTemplate\":\"https:\\\/\\\/www.de-vau-ge.de\\\/en\\\/?s={search_term_string}\"},\"query-input\":{\"@type\":\"PropertyValueSpecification\",\"valueRequired\":true,\"valueName\":\"search_term_string\"}}],\"inLanguage\":\"en-US\"},{\"@type\":\"Organization\",\"@id\":\"https:\\\/\\\/www.de-vau-ge.de\\\/en\\\/#organization\",\"name\":\"DE-VAU-GE\",\"url\":\"https:\\\/\\\/www.de-vau-ge.de\\\/en\\\/\",\"logo\":{\"@type\":\"ImageObject\",\"inLanguage\":\"en-US\",\"@id\":\"https:\\\/\\\/www.de-vau-ge.de\\\/en\\\/#\\\/schema\\\/logo\\\/image\\\/\",\"url\":\"https:\\\/\\\/www.de-vau-ge.de\\\/wp-content\\\/uploads\\\/2022\\\/05\\\/logo.svg\",\"contentUrl\":\"https:\\\/\\\/www.de-vau-ge.de\\\/wp-content\\\/uploads\\\/2022\\\/05\\\/logo.svg\",\"caption\":\"DE-VAU-GE\"},\"image\":{\"@id\":\"https:\\\/\\\/www.de-vau-ge.de\\\/en\\\/#\\\/schema\\\/logo\\\/image\\\/\"}}]}<\/script>\n<!-- \/ Yoast SEO plugin. -->","yoast_head_json":{"title":"Sustainability - DE-VAU-GE","robots":{"index":"index","follow":"follow","max-snippet":"max-snippet:-1","max-image-preview":"max-image-preview:large","max-video-preview":"max-video-preview:-1"},"canonical":"https:\/\/www.de-vau-ge.de\/en\/sustainability\/","og_locale":"en_US","og_type":"article","og_title":"Sustainability - DE-VAU-GE","og_description":"More about Sustainability","og_url":"https:\/\/www.de-vau-ge.de\/en\/sustainability\/","og_site_name":"DE-VAU-GE","article_modified_time":"2026-01-27T09:16:06+00:00","schema":{"@context":"https:\/\/schema.org","@graph":[{"@type":"WebPage","@id":"https:\/\/www.de-vau-ge.de\/en\/sustainability\/","url":"https:\/\/www.de-vau-ge.de\/en\/sustainability\/","name":"Sustainability - DE-VAU-GE","isPartOf":{"@id":"https:\/\/www.de-vau-ge.de\/en\/#website"},"datePublished":"2022-04-26T08:35:27+00:00","dateModified":"2026-01-27T09:16:06+00:00","breadcrumb":{"@id":"https:\/\/www.de-vau-ge.de\/en\/sustainability\/#breadcrumb"},"inLanguage":"en-US","potentialAction":[{"@type":"ReadAction","target":["https:\/\/www.de-vau-ge.de\/en\/sustainability\/"]}]},{"@type":"BreadcrumbList","@id":"https:\/\/www.de-vau-ge.de\/en\/sustainability\/#breadcrumb","itemListElement":[{"@type":"ListItem","position":1,"name":"Home","item":"https:\/\/www.de-vau-ge.de\/en\/"},{"@type":"ListItem","position":2,"name":"Sustainability"}]},{"@type":"WebSite","@id":"https:\/\/www.de-vau-ge.de\/en\/#website","url":"https:\/\/www.de-vau-ge.de\/en\/","name":"DE-VAU-GE","description":"Gesundkostwerk Deutschland GmbH","publisher":{"@id":"https:\/\/www.de-vau-ge.de\/en\/#organization"},"potentialAction":[{"@type":"SearchAction","target":{"@type":"EntryPoint","urlTemplate":"https:\/\/www.de-vau-ge.de\/en\/?s={search_term_string}"},"query-input":{"@type":"PropertyValueSpecification","valueRequired":true,"valueName":"search_term_string"}}],"inLanguage":"en-US"},{"@type":"Organization","@id":"https:\/\/www.de-vau-ge.de\/en\/#organization","name":"DE-VAU-GE","url":"https:\/\/www.de-vau-ge.de\/en\/","logo":{"@type":"ImageObject","inLanguage":"en-US","@id":"https:\/\/www.de-vau-ge.de\/en\/#\/schema\/logo\/image\/","url":"https:\/\/www.de-vau-ge.de\/wp-content\/uploads\/2022\/05\/logo.svg","contentUrl":"https:\/\/www.de-vau-ge.de\/wp-content\/uploads\/2022\/05\/logo.svg","caption":"DE-VAU-GE"},"image":{"@id":"https:\/\/www.de-vau-ge.de\/en\/#\/schema\/logo\/image\/"}}]}},"_links":{"self":[{"href":"https:\/\/www.de-vau-ge.de\/en\/wp-json\/wp\/v2\/pages\/1204","targetHints":{"allow":["GET"]}}],"collection":[{"href":"https:\/\/www.de-vau-ge.de\/en\/wp-json\/wp\/v2\/pages"}],"about":[{"href":"https:\/\/www.de-vau-ge.de\/en\/wp-json\/wp\/v2\/types\/page"}],"author":[{"embeddable":true,"href":"https:\/\/www.de-vau-ge.de\/en\/wp-json\/wp\/v2\/users\/7"}],"replies":[{"embeddable":true,"href":"https:\/\/www.de-vau-ge.de\/en\/wp-json\/wp\/v2\/comments?post=1204"}],"version-history":[{"count":21,"href":"https:\/\/www.de-vau-ge.de\/en\/wp-json\/wp\/v2\/pages\/1204\/revisions"}],"predecessor-version":[{"id":8818,"href":"https:\/\/www.de-vau-ge.de\/en\/wp-json\/wp\/v2\/pages\/1204\/revisions\/8818"}],"wp:attachment":[{"href":"https:\/\/www.de-vau-ge.de\/en\/wp-json\/wp\/v2\/media?parent=1204"}],"curies":[{"name":"wp","href":"https:\/\/api.w.org\/{rel}","templated":true}]}}